{"id":16,"date":"2016-11-07T18:16:13","date_gmt":"2016-11-07T17:16:13","guid":{"rendered":"http:\/\/www.ato.cnvv.net\/securite-formation\/?page_id=16"},"modified":"2024-05-22T06:14:20","modified_gmt":"2024-05-22T05:14:20","slug":"la-commission","status":"publish","type":"page","link":"http:\/\/www.ato.cnvv.net\/securite-formation\/secu01\/la-commission\/","title":{"rendered":"La Commission"},"content":{"rendered":"<p><span style=\"text-decoration: underline;\"><span style=\"color: #000080; text-decoration: underline;\">La Commission Formation et S\u00e9curit\u00e9 est compos\u00e9e de:<\/span><\/span><\/p>\n<ul>\n<li><span style=\"color: #000080;\">Jean Yves DUBOC<\/span><\/li>\n<li><span style=\"color: #000080;\">Jasmine GRAFF<\/span><\/li>\n<li><\/li>\n<li><span style=\"color: #000080;\">Michel JACQUEMIN: le RP<\/span><\/li>\n<li><\/li>\n<li><span style=\"color: #000080;\">Pascal GROELL<\/span><\/li>\n<\/ul>\n","protected":false},"excerpt":{"rendered":"<p>La Commission Formation et S\u00e9curit\u00e9 est compos\u00e9e de: Jean Yves DUBOC Jasmine GRAFF Michel JACQUEMIN: le RP Pascal GROELL<\/p>\n","protected":false},"author":1,"featured_media":0,"parent":5,"menu_order":100,"comment_status":"closed","ping_status":"closed","template":"","meta":{"footnotes":""},"class_list":["post-16","page","type-page","status-publish","hentry"],"_links":{"self":[{"href":"http:\/\/www.ato.cnvv.net\/securite-formation\/wp-json\/wp\/v2\/pages\/16","targetHints":{"allow":["GET"]}}],"collection":[{"href":"http:\/\/www.ato.cnvv.net\/securite-formation\/wp-json\/wp\/v2\/pages"}],"about":[{"href":"http:\/\/www.ato.cnvv.net\/securite-formation\/wp-json\/wp\/v2\/types\/page"}],"author":[{"embeddable":true,"href":"http:\/\/www.ato.cnvv.net\/securite-formation\/wp-json\/wp\/v2\/users\/1"}],"replies":[{"embeddable":true,"href":"http:\/\/www.ato.cnvv.net\/securite-formation\/wp-json\/wp\/v2\/comments?post=16"}],"version-history":[{"count":0,"href":"http:\/\/www.ato.cnvv.net\/securite-formation\/wp-json\/wp\/v2\/pages\/16\/revisions"}],"up":[{"embeddable":true,"href":"http:\/\/www.ato.cnvv.net\/securite-formation\/wp-json\/wp\/v2\/pages\/5"}],"wp:attachment":[{"href":"http:\/\/www.ato.cnvv.net\/securite-formation\/wp-json\/wp\/v2\/media?parent=16"}],"curies":[{"name":"wp","href":"https:\/\/api.w.org\/{rel}","templated":true}]}}