{"id":237,"date":"2016-11-08T12:29:26","date_gmt":"2016-11-08T11:29:26","guid":{"rendered":"http:\/\/www.ato.cnvv.net\/securite-formation\/?page_id=237"},"modified":"2019-08-26T15:52:42","modified_gmt":"2019-08-26T14:52:42","slug":"cresag","status":"publish","type":"page","link":"http:\/\/www.ato.cnvv.net\/securite-formation\/reglementation-2\/cresag\/","title":{"rendered":"CRESAG"},"content":{"rendered":"<h4><span style=\"color: #000080;\"><strong>C<\/strong>ompte-Rendu d\u2019\u00c9v\u00e8nement de S\u00e9curit\u00e9 Aviation G\u00e9n\u00e9rale<\/span><\/h4>\n<p><span style=\"color: #000080;\">En cliquant sur le lien de la DGAC vous trouverez:<\/span><\/p>\n<ul>\n<li><span style=\"color: #000080;\">Notice explicative de la DGAC,\u00a0<\/span><\/li>\n<li><span style=\"color: #000080;\">Formulaire CRESAG (aviation g\u00e9n\u00e9rale) que vous devez remplir en cas d&rsquo;\u00e9v\u00e9nement !<\/span><\/li>\n<\/ul>\n<blockquote><p><a href=\"https:\/\/www.ecologique-solidaire.gouv.fr\/notifier-incident\" target=\"_blank\" rel=\"noopener noreferrer\">Lien sur le site DGAC<\/a><\/p><\/blockquote>\n","protected":false},"excerpt":{"rendered":"<p>Compte-Rendu d\u2019\u00c9v\u00e8nement de S\u00e9curit\u00e9 Aviation G\u00e9n\u00e9rale En cliquant sur le lien de la DGAC vous trouverez: Notice explicative de la DGAC,\u00a0 Formulaire CRESAG (aviation g\u00e9n\u00e9rale) que vous devez remplir en cas d&rsquo;\u00e9v\u00e9nement ! Lien sur le site DGAC<\/p>\n","protected":false},"author":1,"featured_media":0,"parent":232,"menu_order":200,"comment_status":"closed","ping_status":"closed","template":"","meta":{"footnotes":""},"class_list":["post-237","page","type-page","status-publish","hentry"],"_links":{"self":[{"href":"http:\/\/www.ato.cnvv.net\/securite-formation\/wp-json\/wp\/v2\/pages\/237","targetHints":{"allow":["GET"]}}],"collection":[{"href":"http:\/\/www.ato.cnvv.net\/securite-formation\/wp-json\/wp\/v2\/pages"}],"about":[{"href":"http:\/\/www.ato.cnvv.net\/securite-formation\/wp-json\/wp\/v2\/types\/page"}],"author":[{"embeddable":true,"href":"http:\/\/www.ato.cnvv.net\/securite-formation\/wp-json\/wp\/v2\/users\/1"}],"replies":[{"embeddable":true,"href":"http:\/\/www.ato.cnvv.net\/securite-formation\/wp-json\/wp\/v2\/comments?post=237"}],"version-history":[{"count":0,"href":"http:\/\/www.ato.cnvv.net\/securite-formation\/wp-json\/wp\/v2\/pages\/237\/revisions"}],"up":[{"embeddable":true,"href":"http:\/\/www.ato.cnvv.net\/securite-formation\/wp-json\/wp\/v2\/pages\/232"}],"wp:attachment":[{"href":"http:\/\/www.ato.cnvv.net\/securite-formation\/wp-json\/wp\/v2\/media?parent=237"}],"curies":[{"name":"wp","href":"https:\/\/api.w.org\/{rel}","templated":true}]}}