{"id":5,"date":"2016-11-06T16:24:05","date_gmt":"2016-11-06T15:24:05","guid":{"rendered":"http:\/\/www.ato.cnvv.net\/securite-formation\/?page_id=5"},"modified":"2023-12-28T15:20:36","modified_gmt":"2023-12-28T14:20:36","slug":"secu01","status":"publish","type":"page","link":"https:\/\/www.ato.cnvv.net\/securite-formation\/secu01\/","title":{"rendered":"la COMMISSION"},"content":{"rendered":"<h4><span style=\"color: #000080;\">\u00a0<\/span><\/h4>\n<p><span style=\"color: #000080;\"><strong>La commission S\u00e9curit\u00e9 &#8211; Formation, a pour objectif l\u2019\u00e9tude des r\u00e8glements de l\u2019Agence Europ\u00e9enne de S\u00fbret\u00e9 A\u00e9rienne (EASA), leurs cons\u00e9quences sur<\/strong><\/span><\/p>\n<ul>\n<li><span style=\"color: #000080;\"><strong> les licences de pilotes ainsi; <\/strong><\/span><\/li>\n<li><span style=\"color: #000080;\"><strong>les formations des pilotes , des instructeurs et des examinateurs;<\/strong><\/span><\/li>\n<li><span style=\"color: #000080;\"><strong>la gestion de la s\u00e9curit\u00e9 ;<\/strong><\/span><\/li>\n<li><span style=\"color: #000080;\"><strong>de promouvoir toute action contribuant \u00e0 la s\u00e9curit\u00e9 des vols.<\/strong><\/span><\/li>\n<\/ul>\n","protected":false},"excerpt":{"rendered":"<p>\u00a0 La commission S\u00e9curit\u00e9 &#8211; Formation, a pour objectif l\u2019\u00e9tude des r\u00e8glements de l\u2019Agence Europ\u00e9enne de S\u00fbret\u00e9 A\u00e9rienne (EASA), leurs cons\u00e9quences sur les licences de pilotes ainsi; les formations des pilotes , des instructeurs et des examinateurs; la gestion de&hellip; <\/p>\n","protected":false},"author":1,"featured_media":0,"parent":0,"menu_order":10,"comment_status":"closed","ping_status":"closed","template":"","meta":{"footnotes":""},"class_list":["post-5","page","type-page","status-publish","hentry"],"_links":{"self":[{"href":"https:\/\/www.ato.cnvv.net\/securite-formation\/wp-json\/wp\/v2\/pages\/5","targetHints":{"allow":["GET"]}}],"collection":[{"href":"https:\/\/www.ato.cnvv.net\/securite-formation\/wp-json\/wp\/v2\/pages"}],"about":[{"href":"https:\/\/www.ato.cnvv.net\/securite-formation\/wp-json\/wp\/v2\/types\/page"}],"author":[{"embeddable":true,"href":"https:\/\/www.ato.cnvv.net\/securite-formation\/wp-json\/wp\/v2\/users\/1"}],"replies":[{"embeddable":true,"href":"https:\/\/www.ato.cnvv.net\/securite-formation\/wp-json\/wp\/v2\/comments?post=5"}],"version-history":[{"count":0,"href":"https:\/\/www.ato.cnvv.net\/securite-formation\/wp-json\/wp\/v2\/pages\/5\/revisions"}],"wp:attachment":[{"href":"https:\/\/www.ato.cnvv.net\/securite-formation\/wp-json\/wp\/v2\/media?parent=5"}],"curies":[{"name":"wp","href":"https:\/\/api.w.org\/{rel}","templated":true}]}}